{"id":99,"date":"2018-12-05T16:12:38","date_gmt":"2018-12-05T14:12:38","guid":{"rendered":"https:\/\/lemt.lv\/?page_id=99"},"modified":"2025-06-20T12:36:13","modified_gmt":"2025-06-20T09:36:13","slug":"par-mums","status":"publish","type":"page","link":"https:\/\/lemt.lv\/dev\/par-mums\/","title":{"rendered":"Par mums"},"content":{"rendered":"<p>SIA LEMT nodarbojas ar elektromateri\u0101lu un to komponen\u0161u vairumtirdzniec\u012bbu. M\u0113s nodro\u0161in\u0101m pla\u0161u elektropre\u010du kl\u0101stu no vair\u0101k k\u0101 30 Eiropas un pasaules ra\u017eot\u0101jiem. M\u016bsu pied\u0101v\u0101t\u0101s preces tiek ra\u017eotas lab\u0101kaj\u0101s r\u016bpn\u012bc\u0101s Bulg\u0101rij\u0101, \u010cehij\u0101, Igaunij\u0101, Lietuv\u0101, Somij\u0101, Slov\u0113nij\u0101, V\u0101cij\u0101 un Zviedrij\u0101. M\u0113s izv\u0113lamies sadarboties tikai ar augstas kvalit\u0101tes produkcijas ra\u017eot\u0101jiem, kas nodro\u0161ina atbilsto\u0161u pre\u010du sertifik\u0101ciju, garantijas un operat\u012bvas pre\u010du pieg\u0101des.<\/p>\n<h2>M\u016bsu priorit\u0101tes<\/h2>\n<p>Apmierin\u0101ts klients &#8211; preces atbilsto\u0161i klienta v\u0113lm\u0113m, \u0101tr\u0101k\u0101s pieg\u0101des, izdev\u012bgi sadarb\u012bbas nosac\u012bjumi.<\/p>\n<p>M\u0113s piemekl\u0113jam piem\u0113rot\u0101k\u0101s preces atbilsto\u0161i klienta piepras\u012bjumam vai lab\u0101kos ekvivalentus.<\/p>\n<p>Nodro\u0161in\u0101m \u0101tr\u0101ko pre\u010du pieg\u0101di izmantojot lab\u0101kos lo\u0123istikas partnerus.<\/p>\n<p>Piel\u0101gojam sadarb\u012bbas nosac\u012bjumus individu\u0101li katram klientam, lai nodro\u0161in\u0101tu lab\u0101ko augsni sadarb\u012bbai.<\/p>\n<h2>Noliktava un pieg\u0101des<\/h2>\n<p>Klientu \u0113rt\u012bbai nodro\u0161in\u0101m elektromateri\u0101lu kr\u0101jumus R\u012bg\u0101 no visiem m\u016bsu p\u0101rst\u0101v\u0113tajiem ra\u017eot\u0101jiem.<\/p>\n<p>Regul\u0101ri atjaunojam produkcijas kr\u0101jumus un turpinam papildin\u0101t ar jauniem ra\u017eot\u0101jiem.<\/p>\n<p>Pre\u010du pieg\u0101des klientiem nodro\u0161in\u0101m izmantojot lab\u0101kos lo\u0123istikas partnerus Omniva un DSV.<\/p>\n<h2>Produkti<\/h2>\n<ul>\n<li>Apgaismojuma risin\u0101jumi<\/li>\n<li>Kabe\u013cu produkcija un aksesu\u0101ri<\/li>\n<li>\u0100r\u0113jie t\u012bkli un vid\u0113jais spriegums<\/li>\n<li>Zemsprieguma risin\u0101jumi un instrumenti<\/li>\n<li>Industri\u0101l\u0101s preces<\/li>\n<li>Kabe\u013cu aizsardz\u012bbas caurules<\/li>\n<li>Zibensaizsardz\u012bba un zem\u0113jums<\/li>\n<li>Za\u013cie produkti<\/li>\n<\/ul>\n","protected":false},"excerpt":{"rendered":"<p>SIA LEMT nodarbojas ar elektromateri\u0101lu un to komponen\u0161u vairumtirdzniec\u012bbu. M\u0113s nodro\u0161in\u0101m pla\u0161u elektropre\u010du kl\u0101stu no vair\u0101k k\u0101 30 Eiropas un pasaules ra\u017eot\u0101jiem. M\u016bsu pied\u0101v\u0101t\u0101s preces tiek ra\u017eotas lab\u0101kaj\u0101s r\u016bpn\u012bc\u0101s Bulg\u0101rij\u0101, \u010cehij\u0101, Igaunij\u0101, Lietuv\u0101, Somij\u0101, Slov\u0113nij\u0101, V\u0101cij\u0101 un Zviedrij\u0101. M\u0113s izv\u0113lamies sadarboties tikai ar augstas kvalit\u0101tes produkcijas ra\u017eot\u0101jiem, kas nodro\u0161ina atbilsto\u0161u pre\u010du sertifik\u0101ciju, garantijas un operat\u012bvas [&hellip;]<\/p>\n","protected":false},"author":1,"featured_media":0,"parent":0,"menu_order":0,"comment_status":"closed","ping_status":"closed","template":"about-us.php","meta":{"_acf_changed":false,"footnotes":""},"class_list":["post-99","page","type-page","status-publish","hentry"],"acf":[],"_links":{"self":[{"href":"https:\/\/lemt.lv\/dev\/wp-json\/wp\/v2\/pages\/99","targetHints":{"allow":["GET"]}}],"collection":[{"href":"https:\/\/lemt.lv\/dev\/wp-json\/wp\/v2\/pages"}],"about":[{"href":"https:\/\/lemt.lv\/dev\/wp-json\/wp\/v2\/types\/page"}],"author":[{"embeddable":true,"href":"https:\/\/lemt.lv\/dev\/wp-json\/wp\/v2\/users\/1"}],"replies":[{"embeddable":true,"href":"https:\/\/lemt.lv\/dev\/wp-json\/wp\/v2\/comments?post=99"}],"version-history":[{"count":23,"href":"https:\/\/lemt.lv\/dev\/wp-json\/wp\/v2\/pages\/99\/revisions"}],"predecessor-version":[{"id":6782,"href":"https:\/\/lemt.lv\/dev\/wp-json\/wp\/v2\/pages\/99\/revisions\/6782"}],"wp:attachment":[{"href":"https:\/\/lemt.lv\/dev\/wp-json\/wp\/v2\/media?parent=99"}],"curies":[{"name":"wp","href":"https:\/\/api.w.org\/{rel}","templated":true}]}}