{"id":4074,"date":"2021-07-27T15:07:34","date_gmt":"2021-07-27T12:07:34","guid":{"rendered":"https:\/\/lemt.lv\/?page_id=4074"},"modified":"2021-07-27T15:09:30","modified_gmt":"2021-07-27T12:09:30","slug":"atteikuma-tiesibas-un-stridu-risinasana","status":"publish","type":"page","link":"https:\/\/lemt.lv\/dev\/atteikuma-tiesibas-un-stridu-risinasana\/","title":{"rendered":"Atteikuma ties\u012bbas un str\u012bdu risin\u0101\u0161ana"},"content":{"rendered":"<p><strong>Atteikuma ties\u012bbas<\/strong><\/p>\n<p>Pirc\u0113jam ir ties\u012bbas p\u0101rdom\u0101t un uzreiz atcelt pas\u016bt\u012bjumu, inform\u0113jot P\u0101rdev\u0113ju par pas\u016bt\u012bjuma atcel\u0161anu<br \/>\nP\u0101rdev\u0113ja darba laik\u0101 piezvanot uz t\u0101lruni: 61112434\u00a0vai nos\u016btot atteikumu uz m\u0101jaslap\u0101<br \/>\nnor\u0101d\u012bto e-pastu: &#x69;&#x6e;&#x66;&#x6f;&#x40;&#x6c;&#x65;&#x6d;&#x74;&#x2e;&#x6c;&#x76;\u00a0v\u0113l pirms pas\u016bt\u012bjuma apstr\u0101des.<br \/>\nIemaks\u0101t\u0101 nauda pirc\u0113jam tiks atmaks\u0101ta 7 dienu laik\u0101 p\u0113c naudas sa\u0146em\u0161anas P\u0101rdev\u0113ja kont\u0101.<\/p>\n<p>Pirc\u0113jam ir ties\u012bbas atteikties no preces 14 kalend\u0101ro dienu laik\u0101 no Preces sa\u0146em\u0161anas br\u012b\u017ea,<br \/>\nnos\u016btot P\u0101rdev\u0113jam par to atteikuma v\u0113stuli uz\u00a0elektronisk\u0101 pasta adresi &#x69;&#x6e;&#x66;&#x6f;&#x40;&#x6c;&#x65;&#x6d;&#x74;&#x2e;&#x6c;&#x76;<br \/>\nvai rakstveid\u0101, nos\u016btot uz adresi: SIA \u201cLEMT\u201d Maz\u0101 R\u0101mavas iela 2, Valdlau\u010di, \u0136ekavas novads, LV-1076.<br \/>\nAtteikuma v\u0113stules veidlapu P\u0101rdev\u0113js nos\u016bta Pirc\u0113jam pa e-pastu p\u0113c Pirc\u0113ja piepras\u012bjuma.<br \/>\nS\u016bdz\u012bba tiks izskat\u012bta 7 darba dienu laik\u0101 no s\u016bdz\u012bbas sa\u0146em\u0161anas dienas,<br \/>\natbildi nos\u016btot uz s\u016bdz\u012bb\u0101 nor\u0101d\u012bto sazi\u0146as adresi.<\/p>\n<p>Pirc\u0113ja pien\u0101kums ir 7 dienu laik\u0101 p\u0113c atteikuma v\u0113stules nos\u016bt\u012b\u0161anas atdot preci P\u0101rdev\u0113jam<br \/>\nuz adresi: SIA \u201cLEMT\u201d Maz\u0101 R\u0101mavas iela 2, Valdlau\u010di, \u0136ekavas novads, LV-1076.<br \/>\nVisus izdevumus, kas rad\u012bsies saist\u012bb\u0101 ar preces nos\u016bt\u012b\u0161anu atpaka\u013c P\u0101rdev\u0113jam, sedz \u00a0Pirc\u0113js.<br \/>\nNauda tiks atgriezta\u00a014\u00a0kalend\u0101ro dienu laik\u0101 no dienas, kad J\u016bs esat nos\u016bt\u012bjis rakstisku atteikumu.<br \/>\nInterneta veikals atmaks\u0101 naudu tikai uz atteikuma veidlap\u0101 nor\u0101d\u012bto bankas kontu.<\/p>\n<p>Pirc\u0113js nevar izmantot atteikuma ties\u012bbas, ja:<\/p>\n<p>pas\u016bt\u012bt\u0101s preces p\u0113c to rakstura nevar atdot atpaka\u013c, vai t\u0101s \u0101tri boj\u0101jas vai ir \u0101tri izlietojamas;<br \/>\npas\u016bt\u012bt\u0101s preces ir izgatavotas tie\u0161i Pirc\u0113jam p\u0113c individu\u0101la pas\u016bt\u012bjuma, p\u0113c saska\u0146o\u0161anas;<br \/>\npirc\u0113js ir atv\u0113ris audioierakstu vai videoierakstu, vai datorprogrammu iepakojumu.<br \/>\nLatvijas Republikas Pat\u0113r\u0113t\u0101ju ties\u012bbu aizsardz\u012bbas likuma 12. panta sest\u0101 da\u013ca nosaka, ka \u201cpat\u0113r\u0113t\u0101js ir atbild\u012bgs par preces kvalit\u0101tes un dro\u0161uma saglab\u0101\u0161anu atteikuma ties\u012bbu realiz\u0113\u0161anas termi\u0146\u0101\u201d. P\u0101rdev\u0113js patur ties\u012bbas Pirc\u0113jam atteikt izmantot atteikuma ties\u012bbas vai ietur\u0113t kompens\u0101cijas maksu gad\u012bjum\u0101, ja prece ir boj\u0101ta, lieto\u0161anas laik\u0101 nev\u0113r\u012bgi izturoties pret preci vai neiev\u0113rojot instrukcijas nor\u0101d\u012bjumus, ja ir nozaud\u0113ts preces ori\u0123in\u0101lais iepakojums vai ja t\u0101s iepakojums ir b\u016btiski boj\u0101ts.<\/p>\n<p>&nbsp;<\/p>\n<p><strong>STR\u012aDU RISIN\u0100\u0160ANAS NOTEIKUMI<\/strong><\/p>\n<p>Str\u012bdi par saist\u012bbu izpildi tiek risin\u0101ti sarunu ce\u013c\u0101.\u00a0PIRC\u0112JIEM, kuri uzskat\u0101mi par pat\u0113r\u0113t\u0101jiem normat\u012bvo aktu izpratn\u0113 ir ties\u012bbas izmantot normat\u012bvajos aktos noteikt\u0101 k\u0101rt\u012bb\u0101 alternat\u012bvo str\u012bdu risin\u0101\u0161anas iesp\u0113jas, iesniedzot P\u0100RDEV\u0112JAM rakstveida iesniegumu par \u0101rpustiesas str\u012bda risin\u0101\u0161anu, nor\u0101dot:<\/p>\n<p>1. V\u0101rdu, uzv\u0101rdu, kontaktinform\u0101ciju;<br \/>\n2. Iesnieguma iesnieg\u0161anas datumu<br \/>\n3. Str\u012bda b\u016bt\u012bbu, pras\u012bjumus un to pamatojumu.<br \/>\nInform\u0101cija par \u0101rpustiesas str\u012bdu risin\u0101\u0161anas iesp\u0113j\u0101m un \u0101rpustiesas str\u012bdu risin\u0101t\u0101jiem:<\/p>\n<p>\u2013\u00a0www.ptac.gov.lv\/lv\/content\/arpustiesas-pateretaju-stridu-risinataju-datubaze<br \/>\n\u2013 www.ptac.gov.lv\/lv\/content\/stridu-risinasanas-process<\/p>\n<p>\u0100rpustiesas str\u012bdu risin\u0101t\u0101js<br \/>\nPat\u0113r\u0113t\u0101ju \u0101rpustiesas str\u012bdu risin\u0101\u0161anas komisija<br \/>\nR\u012bg\u0101, Br\u012bv\u012bbas iel\u0101 55, LV-1010<br \/>\nT\u0101lr.: 65452554;<br \/>\ne-pasts:\u00a0&#x70;&#x74;&#x61;&#x63;&#x40;&#x70;&#x74;&#x61;&#x63;&#x2e;&#x67;&#x6f;&#x76;&#x2e;&#x6c;&#x76;<br \/>\nm\u0101jaslapa:\u00a0http:\/\/www.ptac.gov.lv\/lv\/content\/pateretaju-stridu-risinasanas-komisija-0<br \/>\nMaksa<br \/>\nBez maksas<br \/>\nValodas<br \/>\nIesniegumus var iesniegt atbilsto\u0161i Valsts valodas likumam<\/p>\n<p>&nbsp;<\/p>\n","protected":false},"excerpt":{"rendered":"<p>Atteikuma ties\u012bbas Pirc\u0113jam ir ties\u012bbas p\u0101rdom\u0101t un uzreiz atcelt pas\u016bt\u012bjumu, inform\u0113jot P\u0101rdev\u0113ju par pas\u016bt\u012bjuma atcel\u0161anu P\u0101rdev\u0113ja darba laik\u0101 piezvanot uz t\u0101lruni: 61112434\u00a0vai nos\u016btot atteikumu uz m\u0101jaslap\u0101 nor\u0101d\u012bto e-pastu: in&#102;&#111;&#64;&#x6c;&#x65;&#x6d;&#x74;&#46;l&#118;\u00a0v\u0113l pirms pas\u016bt\u012bjuma apstr\u0101des. Iemaks\u0101t\u0101 nauda pirc\u0113jam tiks atmaks\u0101ta 7 dienu laik\u0101 p\u0113c naudas sa\u0146em\u0161anas P\u0101rdev\u0113ja kont\u0101. Pirc\u0113jam ir ties\u012bbas atteikties no preces 14 kalend\u0101ro dienu laik\u0101 [&hellip;]<\/p>\n","protected":false},"author":3,"featured_media":0,"parent":0,"menu_order":0,"comment_status":"closed","ping_status":"closed","template":"","meta":{"_acf_changed":false,"footnotes":""},"class_list":["post-4074","page","type-page","status-publish","hentry"],"acf":[],"_links":{"self":[{"href":"https:\/\/lemt.lv\/dev\/wp-json\/wp\/v2\/pages\/4074","targetHints":{"allow":["GET"]}}],"collection":[{"href":"https:\/\/lemt.lv\/dev\/wp-json\/wp\/v2\/pages"}],"about":[{"href":"https:\/\/lemt.lv\/dev\/wp-json\/wp\/v2\/types\/page"}],"author":[{"embeddable":true,"href":"https:\/\/lemt.lv\/dev\/wp-json\/wp\/v2\/users\/3"}],"replies":[{"embeddable":true,"href":"https:\/\/lemt.lv\/dev\/wp-json\/wp\/v2\/comments?post=4074"}],"version-history":[{"count":1,"href":"https:\/\/lemt.lv\/dev\/wp-json\/wp\/v2\/pages\/4074\/revisions"}],"predecessor-version":[{"id":4075,"href":"https:\/\/lemt.lv\/dev\/wp-json\/wp\/v2\/pages\/4074\/revisions\/4075"}],"wp:attachment":[{"href":"https:\/\/lemt.lv\/dev\/wp-json\/wp\/v2\/media?parent=4074"}],"curies":[{"name":"wp","href":"https:\/\/api.w.org\/{rel}","templated":true}]}}