{"id":4072,"date":"2021-07-27T15:05:29","date_gmt":"2021-07-27T12:05:29","guid":{"rendered":"https:\/\/lemt.lv\/?page_id=4072"},"modified":"2021-07-27T15:05:29","modified_gmt":"2021-07-27T12:05:29","slug":"piegade","status":"publish","type":"page","link":"https:\/\/lemt.lv\/dev\/piegade\/","title":{"rendered":"Pieg\u0101de"},"content":{"rendered":"<p><strong>Pieg\u0101de<\/strong><\/p>\n<p>BEZMAKSAS\u00a0sa\u0146em\u0161ana m\u016bsu\u00a0biroj\u0101\u00a0, Maz\u0101 R\u0101mavas iela 2, Valdlau\u010di, \u0136ekavas novads. T\u0101lr.: 61112434<br \/>\nPieg\u0101de ar OMNIVA pakom\u0101tu, pas\u016btijuma sa\u0146em\u0161ana 1-3 darba dienu laik\u0101.\u00a0Pieg\u0101des maksa\u00a0Latvijas teritorij\u0101 3\u00a0\u00a0\u20ac.<br \/>\nPieg\u0101de ar kurjeru,\u00a0 pas\u016btijuma sa\u0146em\u0161ana\u00a01-3 darba dienu laik\u0101. Pieg\u0101des maksa Latvijas teritorij\u0101 7 \u20ac.\u00a0Kurjera pieg\u0101des tiek veiktas tikai darbadien\u0101s.<\/p>\n","protected":false},"excerpt":{"rendered":"<p>Pieg\u0101de BEZMAKSAS\u00a0sa\u0146em\u0161ana m\u016bsu\u00a0biroj\u0101\u00a0, Maz\u0101 R\u0101mavas iela 2, Valdlau\u010di, \u0136ekavas novads. T\u0101lr.: 61112434 Pieg\u0101de ar OMNIVA pakom\u0101tu, pas\u016btijuma sa\u0146em\u0161ana 1-3 darba dienu laik\u0101.\u00a0Pieg\u0101des maksa\u00a0Latvijas teritorij\u0101 3\u00a0\u00a0\u20ac. Pieg\u0101de ar kurjeru,\u00a0 pas\u016btijuma sa\u0146em\u0161ana\u00a01-3 darba dienu laik\u0101. Pieg\u0101des maksa Latvijas teritorij\u0101 7 \u20ac.\u00a0Kurjera pieg\u0101des tiek veiktas tikai darbadien\u0101s.<\/p>\n","protected":false},"author":3,"featured_media":0,"parent":0,"menu_order":0,"comment_status":"closed","ping_status":"closed","template":"","meta":{"_acf_changed":false,"footnotes":""},"class_list":["post-4072","page","type-page","status-publish","hentry"],"acf":[],"_links":{"self":[{"href":"https:\/\/lemt.lv\/dev\/wp-json\/wp\/v2\/pages\/4072","targetHints":{"allow":["GET"]}}],"collection":[{"href":"https:\/\/lemt.lv\/dev\/wp-json\/wp\/v2\/pages"}],"about":[{"href":"https:\/\/lemt.lv\/dev\/wp-json\/wp\/v2\/types\/page"}],"author":[{"embeddable":true,"href":"https:\/\/lemt.lv\/dev\/wp-json\/wp\/v2\/users\/3"}],"replies":[{"embeddable":true,"href":"https:\/\/lemt.lv\/dev\/wp-json\/wp\/v2\/comments?post=4072"}],"version-history":[{"count":1,"href":"https:\/\/lemt.lv\/dev\/wp-json\/wp\/v2\/pages\/4072\/revisions"}],"predecessor-version":[{"id":4073,"href":"https:\/\/lemt.lv\/dev\/wp-json\/wp\/v2\/pages\/4072\/revisions\/4073"}],"wp:attachment":[{"href":"https:\/\/lemt.lv\/dev\/wp-json\/wp\/v2\/media?parent=4072"}],"curies":[{"name":"wp","href":"https:\/\/api.w.org\/{rel}","templated":true}]}}