{"id":4068,"date":"2021-07-27T15:00:51","date_gmt":"2021-07-27T12:00:51","guid":{"rendered":"https:\/\/lemt.lv\/?page_id=4068"},"modified":"2025-03-15T05:38:24","modified_gmt":"2025-03-15T03:38:24","slug":"apmaksas-kartiba","status":"publish","type":"page","link":"https:\/\/lemt.lv\/dev\/apmaksas-kartiba\/","title":{"rendered":"Apmaksas k\u0101rt\u012bba"},"content":{"rendered":"<p><strong>Apmaksa<\/strong><\/p>\n<p>1.\u00a0 Apmaksa ar kred\u012btkarti\/debetkarti (internet\u0101).<\/p>\n<p>Veicot priek\u0161apmaksu, J\u016bs varat izmantot\u00a0debeta un kred\u012btkartes VISA, MasterCard, Maestro, ja esat aktiviz\u0113ju\u0161i iesp\u0113ju dro\u0161iem pirkumiem internet\u0101. To ir iesp\u0113jams aktiviz\u0113t sav\u0101 internetbank\u0101. Mirkl\u012b, kad kartes \u012bpa\u0161nieka inform\u0101cija, kartes numurs, der\u012bguma termi\u0146\u0161 un CVV ir aizpild\u012bti, pas\u016bt\u012bjuma summa tiks ietur\u0113ta no J\u016bsu kartes konta.<\/p>\n<p>2. Bankas p\u0101rskait\u012bjums ar r\u0113\u0137inu.<\/p>\n","protected":false},"excerpt":{"rendered":"<p>Apmaksa 1.\u00a0 Apmaksa ar kred\u012btkarti\/debetkarti (internet\u0101). Veicot priek\u0161apmaksu, J\u016bs varat izmantot\u00a0debeta un kred\u012btkartes VISA, MasterCard, Maestro, ja esat aktiviz\u0113ju\u0161i iesp\u0113ju dro\u0161iem pirkumiem internet\u0101. To ir iesp\u0113jams aktiviz\u0113t sav\u0101 internetbank\u0101. Mirkl\u012b, kad kartes \u012bpa\u0161nieka inform\u0101cija, kartes numurs, der\u012bguma termi\u0146\u0161 un CVV ir aizpild\u012bti, pas\u016bt\u012bjuma summa tiks ietur\u0113ta no J\u016bsu kartes konta. 2. Bankas p\u0101rskait\u012bjums ar r\u0113\u0137inu.<\/p>\n","protected":false},"author":3,"featured_media":0,"parent":0,"menu_order":0,"comment_status":"closed","ping_status":"closed","template":"","meta":{"_acf_changed":false,"footnotes":""},"class_list":["post-4068","page","type-page","status-publish","hentry"],"acf":[],"_links":{"self":[{"href":"https:\/\/lemt.lv\/dev\/wp-json\/wp\/v2\/pages\/4068","targetHints":{"allow":["GET"]}}],"collection":[{"href":"https:\/\/lemt.lv\/dev\/wp-json\/wp\/v2\/pages"}],"about":[{"href":"https:\/\/lemt.lv\/dev\/wp-json\/wp\/v2\/types\/page"}],"author":[{"embeddable":true,"href":"https:\/\/lemt.lv\/dev\/wp-json\/wp\/v2\/users\/3"}],"replies":[{"embeddable":true,"href":"https:\/\/lemt.lv\/dev\/wp-json\/wp\/v2\/comments?post=4068"}],"version-history":[{"count":4,"href":"https:\/\/lemt.lv\/dev\/wp-json\/wp\/v2\/pages\/4068\/revisions"}],"predecessor-version":[{"id":6747,"href":"https:\/\/lemt.lv\/dev\/wp-json\/wp\/v2\/pages\/4068\/revisions\/6747"}],"wp:attachment":[{"href":"https:\/\/lemt.lv\/dev\/wp-json\/wp\/v2\/media?parent=4068"}],"curies":[{"name":"wp","href":"https:\/\/api.w.org\/{rel}","templated":true}]}}