{"id":4062,"date":"2021-07-27T14:36:51","date_gmt":"2021-07-27T11:36:51","guid":{"rendered":"https:\/\/lemt.lv\/?page_id=4062"},"modified":"2021-07-27T14:49:49","modified_gmt":"2021-07-27T11:49:49","slug":"distances-ligums","status":"publish","type":"page","link":"https:\/\/lemt.lv\/dev\/distances-ligums\/","title":{"rendered":"Distances l\u012bgums"},"content":{"rendered":"<p><strong>Distances l\u012bgums<\/strong><\/p>\n<p>\u0160aj\u0101 interneta veikal\u0101 pied\u0101v\u0101to pre\u010du p\u0101rdev\u0113js:<br \/>\nSIA &#8220;LEMT&#8221;\u00a0 LV 40203008244<br \/>\nMaz\u0101 R\u0101mavas iela 2, Valdlau\u010di, \u0136ekavas novads, LV-1076<br \/>\nA\/S &#8220;Citadele banka&#8221;, kods: PARXLV22\u00a0 konts: LV47PARX0017159860001<br \/>\nno vienas puses, turpm\u0101k saukts P\u0101rdev\u0113js, un persona, kas veic pas\u016bt\u012bjumu, turpm\u0101k saukta Pirc\u0113js, no otras puses, nosl\u0113dz \u0161\u0101du L\u012bgumu:<br \/>\nP\u0101rdev\u0113js ap\u0146emas p\u0101rdot un pieg\u0101d\u0101t Pirc\u0113jam preces, atbilsto\u0161i Pirc\u0113ja pas\u016bt\u012bjumam.<\/p>\n<p><strong>1. Pieg\u0101des un samaksas k\u0101rt\u012bba<\/strong><\/p>\n<p>Pirc\u0113js veic pre\u010du pas\u016bt\u012b\u0161anu caur \u0161o m\u0101jas lapu, nor\u0101dot pas\u016bt\u0101mo pre\u010du un pakalpojumu veidu un daudzumu. P\u0113c pas\u016bt\u012bjuma noform\u0113\u0161anas pirc\u0113js sa\u0146em uz nor\u0101d\u012bto e-pastu apstiprin\u0101jumu par pas\u016bt\u012bjuma veik\u0161anu. Pirc\u0113jam ir iesp\u0113ja veikt apmaksu par preci, lietojot Interneta veikal\u0101 iestr\u0101d\u0101tos maks\u0101juma r\u012bkus vai apmaks\u0101jot p\u0101rdev\u0113ja sagatavoto un Pirc\u0113jam pa e-pastu nos\u016bt\u012bto pas\u016bt\u012bjumam atbilsto\u0161o r\u0113\u0137inu. R\u0113\u0137ins tiek sagatavots elektroniski un ir der\u012bgs bez paraksta.<\/p>\n<p>P\u0101rdev\u0113js nodro\u0161ina pre\u010du pieg\u0101di 3 darba dienu laik\u0101 kop\u0161 ir sa\u0146emta apmaksa par preci, pieg\u0101des laiku saska\u0146ojot ar Pirc\u0113ju.<\/p>\n<p><strong>Apmaksa<\/strong><\/p>\n<p>1.\u00a0 Apmaksa ar kred\u012btkarti\/debetkarti (internet\u0101).<\/p>\n<p>Veicot priek\u0161apmaksu, J\u016bs varat izmantot\u00a0debeta un kred\u012btkartes VISA, MasterCard, Maestro, ja esat aktiviz\u0113ju\u0161i iesp\u0113ju dro\u0161iem pirkumiem internet\u0101. To ir iesp\u0113jams aktiviz\u0113t sav\u0101 internetbank\u0101. Mirkl\u012b, kad kartes \u012bpa\u0161nieka inform\u0101cija, kartes numurs, der\u012bguma termi\u0146\u0161 un CVV ir aizpild\u012bti, pas\u016bt\u012bjuma summa tiks ietur\u0113ta no J\u016bsu kartes konta.<\/p>\n<p>2. Bankas p\u0101rskait\u012bjums ar r\u0113\u0137inu.<\/p>\n<p><strong>Pieg\u0101de<\/strong><\/p>\n<p>BEZMAKSAS\u00a0sa\u0146em\u0161ana m\u016bsu\u00a0biroj\u0101\u00a0, Maz\u0101 R\u0101mavas iela 2, Valdlau\u010di, \u0136ekavas novads. T\u0101lr.: 61112434<br \/>\nPieg\u0101de ar OMNIVA pakom\u0101tu, pas\u016btijuma sa\u0146em\u0161ana 1-3 darba dienu laik\u0101.\u00a0Pieg\u0101des maksa\u00a0Latvijas teritorij\u0101 3\u00a0\u00a0\u20ac.<br \/>\nPieg\u0101de ar kurjeru,\u00a0 pas\u016btijuma sa\u0146em\u0161ana\u00a01-3 darba dienu laik\u0101. Pieg\u0101des maksa Latvijas teritorij\u0101 7 \u20ac.\u00a0Kurjera pieg\u0101des tiek veiktas tikai darbadien\u0101s.<\/p>\n<p>&nbsp;<\/p>\n<p><strong>2.\u00a0Inform\u0101cija par atteikuma ties\u012bb\u0101m un str\u012bdu risin\u0101\u0161anas noteikumiem<\/strong><\/p>\n<p><strong>Atteikuma ties\u012bbas<\/strong><\/p>\n<p>Pirc\u0113jam ir ties\u012bbas p\u0101rdom\u0101t un uzreiz atcelt pas\u016bt\u012bjumu, inform\u0113jot P\u0101rdev\u0113ju par pas\u016bt\u012bjuma atcel\u0161anu<br \/>\nP\u0101rdev\u0113ja darba laik\u0101 piezvanot uz t\u0101lruni: 61112434\u00a0vai nos\u016btot atteikumu uz m\u0101jaslap\u0101<br \/>\nnor\u0101d\u012bto e-pastu: &#105;&#x6e;&#102;&#x6f;&#64;&#x6c;e&#x6d;t&#x2e;l&#118;\u00a0v\u0113l pirms pas\u016bt\u012bjuma apstr\u0101des.<br \/>\nIemaks\u0101t\u0101 nauda pirc\u0113jam tiks atmaks\u0101ta 7 dienu laik\u0101 p\u0113c naudas sa\u0146em\u0161anas P\u0101rdev\u0113ja kont\u0101.<\/p>\n<p>Pirc\u0113jam ir ties\u012bbas atteikties no preces 14 kalend\u0101ro dienu laik\u0101 no Preces sa\u0146em\u0161anas br\u012b\u017ea,<br \/>\nnos\u016btot P\u0101rdev\u0113jam par to atteikuma v\u0113stuli uz\u00a0elektronisk\u0101 pasta adresi &#105;&#x6e;f&#111;&#x40;l&#101;&#x6d;t&#46;&#x6c;v<br \/>\nvai rakstveid\u0101, nos\u016btot uz adresi: SIA &#8220;LEMT&#8221; Maz\u0101 R\u0101mavas iela 2, Valdlau\u010di, \u0136ekavas novads, LV-1076.<br \/>\nAtteikuma v\u0113stules veidlapu P\u0101rdev\u0113js nos\u016bta Pirc\u0113jam pa e-pastu p\u0113c Pirc\u0113ja piepras\u012bjuma.<br \/>\nS\u016bdz\u012bba tiks izskat\u012bta 7 darba dienu laik\u0101 no s\u016bdz\u012bbas sa\u0146em\u0161anas dienas,<br \/>\natbildi nos\u016btot uz s\u016bdz\u012bb\u0101 nor\u0101d\u012bto sazi\u0146as adresi.<\/p>\n<p>Pirc\u0113ja pien\u0101kums ir 7 dienu laik\u0101 p\u0113c atteikuma v\u0113stules nos\u016bt\u012b\u0161anas atdot preci P\u0101rdev\u0113jam<br \/>\nuz adresi: SIA &#8220;LEMT&#8221; Maz\u0101 R\u0101mavas iela 2, Valdlau\u010di, \u0136ekavas novads, LV-1076.<br \/>\nVisus izdevumus, kas rad\u012bsies saist\u012bb\u0101 ar preces nos\u016bt\u012b\u0161anu atpaka\u013c P\u0101rdev\u0113jam, sedz \u00a0Pirc\u0113js.<br \/>\nNauda tiks atgriezta\u00a014\u00a0kalend\u0101ro dienu laik\u0101 no dienas, kad J\u016bs esat nos\u016bt\u012bjis rakstisku atteikumu.<br \/>\nInterneta veikals atmaks\u0101 naudu tikai uz atteikuma veidlap\u0101 nor\u0101d\u012bto bankas kontu.<\/p>\n<p>Pirc\u0113js nevar izmantot atteikuma ties\u012bbas, ja:<\/p>\n<p>pas\u016bt\u012bt\u0101s preces p\u0113c to rakstura nevar atdot atpaka\u013c, vai t\u0101s \u0101tri boj\u0101jas vai ir \u0101tri izlietojamas;<br \/>\npas\u016bt\u012bt\u0101s preces ir izgatavotas tie\u0161i Pirc\u0113jam p\u0113c individu\u0101la pas\u016bt\u012bjuma, p\u0113c saska\u0146o\u0161anas;<br \/>\npirc\u0113js ir atv\u0113ris audioierakstu vai videoierakstu, vai datorprogrammu iepakojumu.<br \/>\nLatvijas Republikas Pat\u0113r\u0113t\u0101ju ties\u012bbu aizsardz\u012bbas likuma 12. panta sest\u0101 da\u013ca nosaka, ka &#8220;pat\u0113r\u0113t\u0101js ir atbild\u012bgs par preces kvalit\u0101tes un dro\u0161uma saglab\u0101\u0161anu atteikuma ties\u012bbu realiz\u0113\u0161anas termi\u0146\u0101&#8221;. P\u0101rdev\u0113js patur ties\u012bbas Pirc\u0113jam atteikt izmantot atteikuma ties\u012bbas vai ietur\u0113t kompens\u0101cijas maksu gad\u012bjum\u0101, ja prece ir boj\u0101ta, lieto\u0161anas laik\u0101 nev\u0113r\u012bgi izturoties pret preci vai neiev\u0113rojot instrukcijas nor\u0101d\u012bjumus, ja ir nozaud\u0113ts preces ori\u0123in\u0101lais iepakojums vai ja t\u0101s iepakojums ir b\u016btiski boj\u0101ts.<\/p>\n<p>&nbsp;<\/p>\n<p><strong>STR\u012aDU RISIN\u0100\u0160ANAS NOTEIKUMI<\/strong><\/p>\n<p>Str\u012bdi par saist\u012bbu izpildi tiek risin\u0101ti sarunu ce\u013c\u0101.\u00a0PIRC\u0112JIEM, kuri uzskat\u0101mi par pat\u0113r\u0113t\u0101jiem normat\u012bvo aktu izpratn\u0113 ir ties\u012bbas izmantot normat\u012bvajos aktos noteikt\u0101 k\u0101rt\u012bb\u0101 alternat\u012bvo str\u012bdu risin\u0101\u0161anas iesp\u0113jas, iesniedzot P\u0100RDEV\u0112JAM rakstveida iesniegumu par \u0101rpustiesas str\u012bda risin\u0101\u0161anu, nor\u0101dot:<\/p>\n<p>1. V\u0101rdu, uzv\u0101rdu, kontaktinform\u0101ciju;<br \/>\n2. Iesnieguma iesnieg\u0161anas datumu<br \/>\n3. Str\u012bda b\u016bt\u012bbu, pras\u012bjumus un to pamatojumu.<br \/>\nInform\u0101cija par \u0101rpustiesas str\u012bdu risin\u0101\u0161anas iesp\u0113j\u0101m un \u0101rpustiesas str\u012bdu risin\u0101t\u0101jiem:<\/p>\n<p>&#8211;\u00a0www.ptac.gov.lv\/lv\/content\/arpustiesas-pateretaju-stridu-risinataju-datubaze<br \/>\n&#8211; www.ptac.gov.lv\/lv\/content\/stridu-risinasanas-process<\/p>\n<p>\u0100rpustiesas str\u012bdu risin\u0101t\u0101js<br \/>\nPat\u0113r\u0113t\u0101ju \u0101rpustiesas str\u012bdu risin\u0101\u0161anas komisija<br \/>\nR\u012bg\u0101, Br\u012bv\u012bbas iel\u0101 55, LV-1010<br \/>\nT\u0101lr.: 65452554;<br \/>\ne-pasts:\u00a0p&#116;&#x61;&#99;&#x40;p&#116;&#x61;c&#x2e;&#x67;&#111;&#x76;&#46;&#108;&#x76;<br \/>\nm\u0101jaslapa:\u00a0http:\/\/www.ptac.gov.lv\/lv\/content\/pateretaju-stridu-risinasanas-komisija-0<br \/>\nMaksa<br \/>\nBez maksas<br \/>\nValodas<br \/>\nIesniegumus var iesniegt atbilsto\u0161i Valsts valodas likumam<\/p>\n<p>&nbsp;<\/p>\n<p><strong>3. Pieg\u0101d\u0101t\u0101ja kontaktinform\u0101cija<\/strong><\/p>\n<p>Pieg\u0101d\u0101t\u0101ja kontaktinform\u0101cija ir atrodama \u0161aj\u0101 m\u0101jaslap\u0101 zem sada\u013cas <em><strong>kontakti<\/strong><\/em>.<\/p>\n<p>&nbsp;<\/p>\n<p>&nbsp;<\/p>\n","protected":false},"excerpt":{"rendered":"<p>Distances l\u012bgums \u0160aj\u0101 interneta veikal\u0101 pied\u0101v\u0101to pre\u010du p\u0101rdev\u0113js: SIA &#8220;LEMT&#8221;\u00a0 LV 40203008244 Maz\u0101 R\u0101mavas iela 2, Valdlau\u010di, \u0136ekavas novads, LV-1076 A\/S &#8220;Citadele banka&#8221;, kods: PARXLV22\u00a0 konts: LV47PARX0017159860001 no vienas puses, turpm\u0101k saukts P\u0101rdev\u0113js, un persona, kas veic pas\u016bt\u012bjumu, turpm\u0101k saukta Pirc\u0113js, no otras puses, nosl\u0113dz \u0161\u0101du L\u012bgumu: P\u0101rdev\u0113js ap\u0146emas p\u0101rdot un pieg\u0101d\u0101t Pirc\u0113jam preces, atbilsto\u0161i [&hellip;]<\/p>\n","protected":false},"author":3,"featured_media":0,"parent":0,"menu_order":0,"comment_status":"closed","ping_status":"closed","template":"","meta":{"_acf_changed":false,"footnotes":""},"class_list":["post-4062","page","type-page","status-publish","hentry"],"acf":[],"_links":{"self":[{"href":"https:\/\/lemt.lv\/dev\/wp-json\/wp\/v2\/pages\/4062","targetHints":{"allow":["GET"]}}],"collection":[{"href":"https:\/\/lemt.lv\/dev\/wp-json\/wp\/v2\/pages"}],"about":[{"href":"https:\/\/lemt.lv\/dev\/wp-json\/wp\/v2\/types\/page"}],"author":[{"embeddable":true,"href":"https:\/\/lemt.lv\/dev\/wp-json\/wp\/v2\/users\/3"}],"replies":[{"embeddable":true,"href":"https:\/\/lemt.lv\/dev\/wp-json\/wp\/v2\/comments?post=4062"}],"version-history":[{"count":4,"href":"https:\/\/lemt.lv\/dev\/wp-json\/wp\/v2\/pages\/4062\/revisions"}],"predecessor-version":[{"id":4067,"href":"https:\/\/lemt.lv\/dev\/wp-json\/wp\/v2\/pages\/4062\/revisions\/4067"}],"wp:attachment":[{"href":"https:\/\/lemt.lv\/dev\/wp-json\/wp\/v2\/media?parent=4062"}],"curies":[{"name":"wp","href":"https:\/\/api.w.org\/{rel}","templated":true}]}}