{"id":181,"date":"2018-12-13T16:57:10","date_gmt":"2018-12-13T14:57:10","guid":{"rendered":"https:\/\/lemt.lv\/?page_id=181"},"modified":"2021-06-17T16:03:25","modified_gmt":"2021-06-17T13:03:25","slug":"preces","status":"publish","type":"page","link":"https:\/\/lemt.lv\/dev\/preces\/","title":{"rendered":"Produkti"},"content":{"rendered":"<p>Pied\u0101v\u0101jam preces ier\u012bkot\u0101jiem &#8211; elektromont\u0101\u017eas un elektroinstal\u0101ciju, energoapg\u0101des un telekomunik\u0101ciju sist\u0113mu b\u016bvniec\u012bbas, elektrosadales skapju mont\u0101\u017eas uz\u0146\u0113mumiem. Tirgot\u0101jiem &#8211; elektromateri\u0101lu, apgaismojuma tehnikas vairum- un mazumtirdzniec\u012bbas uz\u0146\u0113mumiem. Industri\u0101liem klientiem &#8211; ra\u017eo\u0161anas, met\u0101lapstr\u0101des u.c. uz\u0146\u0113mumiem.<\/p>\n","protected":false},"excerpt":{"rendered":"<p>Pied\u0101v\u0101jam preces ier\u012bkot\u0101jiem &#8211; elektromont\u0101\u017eas un elektroinstal\u0101ciju, energoapg\u0101des un telekomunik\u0101ciju sist\u0113mu b\u016bvniec\u012bbas, elektrosadales skapju mont\u0101\u017eas uz\u0146\u0113mumiem. Tirgot\u0101jiem &#8211; elektromateri\u0101lu, apgaismojuma tehnikas vairum- un mazumtirdzniec\u012bbas uz\u0146\u0113mumiem. Industri\u0101liem klientiem &#8211; ra\u017eo\u0161anas, met\u0101lapstr\u0101des u.c. uz\u0146\u0113mumiem.<\/p>\n","protected":false},"author":1,"featured_media":0,"parent":0,"menu_order":0,"comment_status":"closed","ping_status":"closed","template":"goods.php","meta":{"_acf_changed":false,"footnotes":""},"class_list":["post-181","page","type-page","status-publish","hentry"],"acf":[],"_links":{"self":[{"href":"https:\/\/lemt.lv\/dev\/wp-json\/wp\/v2\/pages\/181","targetHints":{"allow":["GET"]}}],"collection":[{"href":"https:\/\/lemt.lv\/dev\/wp-json\/wp\/v2\/pages"}],"about":[{"href":"https:\/\/lemt.lv\/dev\/wp-json\/wp\/v2\/types\/page"}],"author":[{"embeddable":true,"href":"https:\/\/lemt.lv\/dev\/wp-json\/wp\/v2\/users\/1"}],"replies":[{"embeddable":true,"href":"https:\/\/lemt.lv\/dev\/wp-json\/wp\/v2\/comments?post=181"}],"version-history":[{"count":31,"href":"https:\/\/lemt.lv\/dev\/wp-json\/wp\/v2\/pages\/181\/revisions"}],"predecessor-version":[{"id":742,"href":"https:\/\/lemt.lv\/dev\/wp-json\/wp\/v2\/pages\/181\/revisions\/742"}],"wp:attachment":[{"href":"https:\/\/lemt.lv\/dev\/wp-json\/wp\/v2\/media?parent=181"}],"curies":[{"name":"wp","href":"https:\/\/api.w.org\/{rel}","templated":true}]}}