{"id":157,"date":"2018-12-06T03:06:19","date_gmt":"2018-12-06T01:06:19","guid":{"rendered":"https:\/\/lemt.lv\/?page_id=157"},"modified":"2025-11-08T15:11:43","modified_gmt":"2025-11-08T13:11:43","slug":"aktuali","status":"publish","type":"page","link":"https:\/\/lemt.lv\/dev\/aktuali\/","title":{"rendered":"Aktu\u0101li"},"content":{"rendered":"<p><span style=\"color: #000000;\"><strong>ZIBENSAIZSARDZ\u012aBA UN ZEM\u0112JUMS &#8211; kvalitat\u012bvi risin\u0101jumi no LEMT un vado\u0161ajiem ra\u017eot\u0101jiem<\/strong><\/span><\/p>\n<div id=\"attachment_6605\" style=\"width: 1290px\" class=\"wp-caption alignnone\"><a href=\"https:\/\/lemt.lv\/dev\/wp-content\/uploads\/2024\/11\/whatsapp-image-2024-11-12-at-09.41.29-1.jpeg\"><img loading=\"lazy\" decoding=\"async\" aria-describedby=\"caption-attachment-6605\" class=\"wp-image-6605 size-full\" src=\"https:\/\/lemt.lv\/dev\/wp-content\/uploads\/2024\/11\/whatsapp-image-2024-11-12-at-09.41.29-1.jpeg\" alt=\"Zibensaizsardz\u012bba\" width=\"1280\" height=\"720\" \/><\/a><p id=\"caption-attachment-6605\" class=\"wp-caption-text\"><em>Zibensaizsardz\u012bbas risin\u0101jumi<\/em><\/p><\/div>\n<p>LEMT SIA ir uzticams elektromateri\u0101lu vairumtirgot\u0101js, kas specializ\u0113jas zibensaizsardz\u012bbas un zem\u0113juma sist\u0113mu komponent\u0113s. M\u0113s pied\u0101v\u0101jam augstas kvalit\u0101tes produktus, kas nodro\u0161ina \u0113ku, cilv\u0113ku un elektroiek\u0101rtu dro\u0161\u012bbu pret zibens izl\u0101\u017eu un p\u0101rsprieguma rad\u012btiem boj\u0101jumiem. Uz\u0146\u0113muma m\u0113r\u0137is ir nodro\u0161in\u0101t dro\u0161us, energoefekt\u012bvus un ilgm\u016b\u017e\u012bgus risin\u0101jumus katram klientam \u2013 s\u0101kot no priv\u0101tm\u0101ju \u012bpa\u0161niekiem l\u012bdz lieliem industri\u0101liem objektiem.<\/p>\n<p>M\u016bsu produktu kl\u0101st\u0101 pieejami zibensaizsardz\u012bbas un zem\u0113juma sist\u0113mu elementi, p\u0101rsprieguma aizsardz\u012bbas ier\u012bces un pla\u0161s mont\u0101\u017eas piederumu sortiments. Visi materi\u0101li atbilst Eiropas kvalit\u0101tes standartiem un tiek pieg\u0101d\u0101ti no vado\u0161ajiem ra\u017eot\u0101jiem \u2013 GROMTOR Sp. z o.o., BEZPOL Sp. z o.o. un ETI. \u0160ie z\u012bmoli ir paz\u012bstami ar uzticamiem risin\u0101jumiem, kas nodro\u0161ina maksim\u0101lu dro\u0161\u012bbu un efektivit\u0101ti da\u017e\u0101da m\u0113roga projektos.<\/p>\n<p><strong>Zibensaizsardz\u012bba \u2013 dro\u0161\u012bba katrai \u0113kai<\/strong><\/p>\n<p>Zibensaizsardz\u012bba ir b\u016btiska jebkuras \u0113kas dro\u0161\u012bbas sist\u0113mas da\u013ca. Pareizi izveidota zibensaizsardz\u012bbas sist\u0113ma pasarg\u0101 \u0113kas konstrukcijas, jumtus un elektroinstal\u0101cijas no zibens trieciena rad\u012btajiem boj\u0101jumiem. LEMT SIA pied\u0101v\u0101 visaptvero\u0161u risin\u0101jumu kl\u0101stu \u2013 no uztver\u0161anas stie\u0146iem un vad\u012bt\u0101jiem l\u012bdz savienojumiem un zem\u0113juma elektrodiem. Katrs komponents ir izstr\u0101d\u0101ts, lai nodro\u0161in\u0101tu maksim\u0101lu aizsardz\u012bbu un ilgtsp\u0113j\u012bgu darb\u012bbu jebkuros apst\u0101k\u013cos.<\/p>\n<p><strong>Zem\u0113juma sist\u0113mas \u2013 dro\u0161a elektr\u012bbas pl\u016bsma un aizsardz\u012bba<\/strong><\/p>\n<p>Zem\u0113juma sist\u0113ma ir pamats jebkurai dro\u0161ai elektroinstal\u0101cijai. T\u0101s uzdevums ir novad\u012bt b\u012bstamo elektrisko spriegumu zem\u0113, t\u0101d\u0113j\u0101di aizsarg\u0101jot cilv\u0113kus un iek\u0101rtas. LEMT SIA pied\u0101v\u0101 pla\u0161u zem\u0113juma materi\u0101lu kl\u0101stu \u2013 zem\u0113juma elektrodus, savienojumus, skavas un citus piederumus, kas nodro\u0161ina uzticamu un efekt\u012bvu elektrisk\u0101s str\u0101vas novad\u012b\u0161anu. M\u016bsu produkti tiek ra\u017eoti no korozijiztur\u012bgiem materi\u0101liem, kas garant\u0113 ilgtermi\u0146a dro\u0161\u012bbu un stabilu sist\u0113mas darb\u012bbu.<\/p>\n<p><strong>Sadarb\u012bba ar vado\u0161ajiem ra\u017eot\u0101jiem<\/strong><\/p>\n<p>LEMT SIA sadarbojas tikai ar ra\u017eot\u0101jiem, kuri garant\u0113 augst\u0101ko kvalit\u0101ti un dro\u0161\u012bbas atbilst\u012bbu.<\/p>\n<p>GROMTOR \u2013 specializ\u0113jas zibensaizsardz\u012bbas un zem\u0113juma sist\u0113mu komponent\u0113s\u00a0<a href=\"https:\/\/gromtor.com\" target=\"_blank\" rel=\"noopener\">Gromtor<\/a><br \/>\nBEZPOL \u2013 pied\u0101v\u0101 m\u016bsdien\u012bgus risin\u0101jumus zem\u0113juma elementiem un savienojumiem\u00a0<a href=\"https:\/\/bezpol.pl\/en\/\" target=\"_blank\" rel=\"noopener\">Bezpol<\/a><br \/>\nETI \u2013 nodro\u0161ina p\u0101rsprieguma aizsardz\u012bbas ier\u012bces un elektroinstal\u0101cijas dro\u0161\u012bbas produktus\u00a0<a href=\"https:\/\/www.etigroup.lv\" target=\"_blank\" rel=\"noopener\">ETI<\/a><\/p>\n<p>Apvienojot \u0161o ra\u017eot\u0101ju tehnolo\u0123ijas ar LEMT SIA profesion\u0101lo servisu, m\u0113s pied\u0101v\u0101jam pilnus un dro\u0161us risin\u0101jumus jebkuram objektam \u2013 gan jaunb\u016bv\u0113m, gan renov\u0101cijas projektiem.<\/p>\n<p><strong>K\u0101p\u0113c izv\u0113l\u0113ties LEMT SIA?<\/strong><\/p>\n<p>Pla\u0161s un kvalitat\u012bvs produktu kl\u0101sts.<br \/>\nUzticami partneri un ra\u017eot\u0101ji no Eiropas.<br \/>\nProfesion\u0101la konsult\u0101cija un tehniskais atbalsts.<br \/>\nIndividu\u0101li risin\u0101jumi katram klientam.<\/p>\n<p><strong>Sazinieties ar mums jau \u0161odien!<\/strong><\/p>\n<p>Izv\u0113lieties LEMT SIA \u2013 uzticamu partneri zibensaizsardz\u012bbas un zem\u0113juma materi\u0101lu pieg\u0101d\u0113 Latvij\u0101. M\u016bsu speci\u0101listi pal\u012bdz\u0113s izv\u0113l\u0113ties dro\u0161\u0101ko un efekt\u012bv\u0101ko zibensaizsardz\u012bbas un zem\u0113juma risin\u0101jumu tie\u0161i Tavam objektam!<\/p>\n<p><a href=\"https:\/\/lemt.lv\/dev\/produkta-kategorija\/zibens-aizsardziba-un-zemejums\/\">Zibensaizsardz\u012bba un zem\u0113jums<\/a><\/p>\n","protected":false},"excerpt":{"rendered":"<p>ZIBENSAIZSARDZ\u012aBA UN ZEM\u0112JUMS &#8211; kvalitat\u012bvi risin\u0101jumi no LEMT un vado\u0161ajiem ra\u017eot\u0101jiem LEMT SIA ir uzticams elektromateri\u0101lu vairumtirgot\u0101js, kas specializ\u0113jas zibensaizsardz\u012bbas un zem\u0113juma sist\u0113mu komponent\u0113s. M\u0113s pied\u0101v\u0101jam augstas kvalit\u0101tes produktus, kas nodro\u0161ina \u0113ku, cilv\u0113ku un elektroiek\u0101rtu dro\u0161\u012bbu pret zibens izl\u0101\u017eu un p\u0101rsprieguma rad\u012btiem boj\u0101jumiem. Uz\u0146\u0113muma m\u0113r\u0137is ir nodro\u0161in\u0101t dro\u0161us, energoefekt\u012bvus un ilgm\u016b\u017e\u012bgus risin\u0101jumus katram klientam \u2013 [&hellip;]<\/p>\n","protected":false},"author":1,"featured_media":0,"parent":0,"menu_order":0,"comment_status":"closed","ping_status":"closed","template":"updates.php","meta":{"_acf_changed":false,"footnotes":""},"class_list":["post-157","page","type-page","status-publish","hentry"],"acf":[],"_links":{"self":[{"href":"https:\/\/lemt.lv\/dev\/wp-json\/wp\/v2\/pages\/157","targetHints":{"allow":["GET"]}}],"collection":[{"href":"https:\/\/lemt.lv\/dev\/wp-json\/wp\/v2\/pages"}],"about":[{"href":"https:\/\/lemt.lv\/dev\/wp-json\/wp\/v2\/types\/page"}],"author":[{"embeddable":true,"href":"https:\/\/lemt.lv\/dev\/wp-json\/wp\/v2\/users\/1"}],"replies":[{"embeddable":true,"href":"https:\/\/lemt.lv\/dev\/wp-json\/wp\/v2\/comments?post=157"}],"version-history":[{"count":44,"href":"https:\/\/lemt.lv\/dev\/wp-json\/wp\/v2\/pages\/157\/revisions"}],"predecessor-version":[{"id":6855,"href":"https:\/\/lemt.lv\/dev\/wp-json\/wp\/v2\/pages\/157\/revisions\/6855"}],"wp:attachment":[{"href":"https:\/\/lemt.lv\/dev\/wp-json\/wp\/v2\/media?parent=157"}],"curies":[{"name":"wp","href":"https:\/\/api.w.org\/{rel}","templated":true}]}}