{"id":108,"date":"2018-12-05T16:23:03","date_gmt":"2018-12-05T14:23:03","guid":{"rendered":"https:\/\/lemt.lv\/?page_id=108"},"modified":"2019-03-11T22:10:36","modified_gmt":"2019-03-11T20:10:36","slug":"sikdatnes-un-privatums","status":"publish","type":"page","link":"https:\/\/lemt.lv\/dev\/sikdatnes-un-privatums\/","title":{"rendered":"S\u012bkdatnes un priv\u0101tums"},"content":{"rendered":"<p>Priv\u0101tuma politika un lemt.lv izmantot\u0101s s\u012bkdatnes<br \/>\nKas ir s\u012bkdatnes?<br \/>\nS\u012bkdatnes, ang\u013cu valod\u0101 sauktas cookies, ir neliela teksta datne, ko t\u012bmek\u013ca vietne saglab\u0101 j\u016bsu dator\u0101 vai mobilaj\u0101 ier\u012bc\u0113, kad j\u016bs atverat vietni.<br \/>\nK\u0101 m\u0113s izmantojam s\u012bkdatnes?<br \/>\nS\u012bkdatnes tiek lietotas, lai fiks\u0113tu inform\u0101ciju par to, k\u0101 esat izmantojis m\u016bsu m\u0101jaslapu, piem\u0113ram, kad j\u016bs p\u0113d\u0113jo reizi apmekl\u0113j\u0101t www.lemt.lv un k\u0101da veida inform\u0101ciju esiet taj\u0101 mekl\u0113ju\u0161i. Teksta datni sp\u0113j nolas\u012bt tikai \u0161\u012b t\u012bmek\u013ca vietne, t\u0101d\u0113\u013c \u0161ai inform\u0101cijai nevar piek\u013c\u016bt neviens cits.<\/p>\n<p>Vair\u0101k\u0101s m\u016bsu lap\u0101s tiek izmantotas s\u012bkdatnes, lai atcer\u0113tos:<br \/>\nj\u016bsu ekr\u0101na iestat\u012bjumus, piem\u0113ram, par\u0101d\u0101mo kr\u0101sas kontrastu vai teksta lielumu,<br \/>\nvai esat jau piekritis (vai nepiekritis) tam, ka m\u0113s \u0161aj\u0101 vietn\u0113 izmantojam s\u012bkdatnes,<br \/>\nj\u016bsu valodas izv\u0113le,<br \/>\natcer\u0113tos j\u016bsu ievad\u012btos datus (iz\u0146emot konfidenci\u0101los), lai nov\u0113rstu nepiecie\u0161am\u012bbu tos atk\u0101rtoti ievad\u012bt.<br \/>\n\u0160\u012bs s\u012bkdatnes nav oblig\u0101ti j\u0101iesp\u0113jo, lai \u0161\u012b vietne darbotos, bet t\u0101s nodro\u0161ina lab\u0101ku p\u0101rl\u016bko\u0161anas kvalit\u0101ti. \u0160\u012bs s\u012bkdatnes ir iesp\u0113jams dz\u0113st vai blo\u0137\u0113t, bet t\u0101d\u0101 gad\u012bjum\u0101 atsevi\u0161\u0137as \u0161\u012bs vietnes iesp\u0113jas var nedarboties pien\u0101c\u012bgi.<\/p>\n<p>Ar s\u012bkdatn\u0113m saist\u012bt\u0101 inform\u0101cija netiek izmantota, lai j\u016bs personiski identific\u0113tu, un dati par j\u016bsu navig\u0101ciju ir m\u016bsu kontrol\u0113; tie netiek izpausti tre\u0161aj\u0101m person\u0101m. \u0160\u012bs s\u012bkdatnes tiek izmantotas tikai un vien\u012bgi tam m\u0113r\u0137im, kas nor\u0101d\u012bts \u0161eit.<\/p>\n<p>\u0160\u012b vietne izmanto &#8220;Google Analytics&#8221;, t\u012bmek\u013ca anal\u012btikas pakalpojumu, ko sniedz &#8220;Google, Inc&#8221; (&#8220;Google&#8221;). Inform\u0101cija, ko \u0161\u012b s\u012bkdatne \u0123ener\u0113 par J\u016bsu \u0161\u012bs vietnes lietojumu (ieskaitot J\u016bsu IP adresi), tiks nos\u016bt\u012bta uz &#8220;Google&#8221; serveriem un tiks tur glab\u0101ta. &#8220;Google&#8221; izmantos \u0161o inform\u0101ciju, lai nov\u0113rt\u0113tu J\u016bsu vietnes lietojumu, apkopotu zi\u0146ojumus par vietnes darb\u012bb\u0101m vietnes vad\u012bt\u0101jiem un sniegtu citus pakalpojumus saist\u012bb\u0101 ar vietnes darb\u012bb\u0101m un interneta lietojumu. &#8220;Google&#8221; var nos\u016bt\u012bt \u0161o inform\u0101ciju tre\u0161aj\u0101m person\u0101m, kad tas ir nepiecie\u0161ams likuma ietvaros vai cikt\u0101l tre\u0161\u0101s personas apstr\u0101d\u0101 \u0161os datus &#8220;Google&#8221; v\u0101rd\u0101. &#8220;Google&#8221; nekad nesaist\u012bs J\u016bsu IP adresi ar citiem datiem Google tur\u0113jum\u0101. Izmantojot \u0161o vietni, J\u016bs dodat at\u013cauju &#8220;Google&#8221; datu apstr\u0101dei saist\u012bb\u0101 ar Jums t\u0101d\u0101 veid\u0101 un t\u0101diem m\u0113r\u0137iem, kas nor\u0101d\u012bti augst\u0101k.<\/p>\n<p>S\u012bk\u0101kai inform\u0101cijai par &#8220;Google Analytics&#8221; s\u012bkdatn\u0113m, spiediet \u0161eit.<br \/>\nK\u0101 var kontrol\u0113t s\u012bkdatnes un p\u0101rtraukt to sa\u0146em\u0161anu?<br \/>\nP\u0113c v\u0113l\u0113\u0161an\u0101s J\u016bs varat s\u012bkdatnes kontrol\u0113t un izdz\u0113st. Pla\u0161\u0101ka inform\u0101cija par to, k\u0101 noraid\u012bt s\u012bkdatnes saglab\u0101\u0161anu un main\u012bt p\u0101rl\u016bka iestat\u012bjumus, ir pieejama t\u012bmek\u013ca vietn\u0113 http:\/\/www.aboutcookies.org.<\/p>\n<p>J\u016bs varat izdz\u0113st visas s\u012bkdatnes, kuras ir j\u016bsu dator\u0101, un liel\u0101ko da\u013cu p\u0101rl\u016bkprogrammu var iestat\u012bt t\u0101, lai tiktu blo\u0137\u0113ta s\u012bkdat\u0146u ievieto\u0161ana dator\u0101. Ta\u010du t\u0101d\u0101 gad\u012bjum\u0101 jums b\u016bs pa\u0161roc\u012bgi j\u0101piel\u0101go da\u017ei iestat\u012bjumi ikreiz, kad apmekl\u0113siet vietni, un varb\u016bt nedarbosies da\u017ei pakalpojumi un funkcijas.<br \/>\nPersonas datu v\u0101k\u0161ana<br \/>\nM\u0113s v\u0101cam tikai identific\u0113jamus personas datus vai inform\u0101ciju, kuru konkr\u0113ti un br\u012bvpr\u0101t\u012bgi iesniedz m\u016bsu t\u012bmek\u013ca vietnes apmekl\u0113t\u0101js. M\u0113s sa\u0146emam ierobe\u017eotu m\u016bsu t\u012bmek\u013ca vietnes apmekl\u0113t\u0101jus identific\u0113jo\u0161u inform\u0101ciju, piem\u0113ram, vi\u0146u v\u0101rdu, amata nosaukumu, uz\u0146\u0113muma adresi, e-pasta adresi, telefona un faksa numuru. Parasti identific\u0113jo\u0161u inform\u0101ciju v\u0101cam tostarp:<br \/>\ninform\u0101cijas un jaut\u0101jumu sa\u0146em\u0161anai;<br \/>\nsava dz\u012bves g\u0101juma apraksta (curriculum vitae) iesnieg\u0161anai;<br \/>\nj\u016bsu p\u0101rst\u0101v\u0113t\u0101 uz\u0146\u0113muma re\u0123istr\u0113\u0161anai m\u016bsu elektroniskaj\u0101 tirdzniec\u012bbas sist\u0113m\u0101, l\u012bguma nosl\u0113g\u0161anai, pas\u016bt\u012bjumu apstr\u0101dei, produktu pieg\u0101dei, maks\u0101jumu veik\u0161anai, maks\u0101tsp\u0113jas p\u0101rbaudei un citiem ar uz\u0146\u0113mumu sadarb\u012bbu saist\u012btiem m\u0113r\u0137iem;<br \/>\nlai inform\u0113tu J\u016bs par pas\u016bt\u012bjumiem, produktiem, pakalpojumiem un pied\u0101v\u0101jumiem.<br \/>\nVietnes apmekl\u0113t\u0101ji var nos\u016bt\u012bt mums e-pastu, izmantojot \u0161o t\u012bmek\u013ca vietni. Zi\u0146\u0101s tiks iek\u013cauts lietot\u0101ja ekr\u0101na v\u0101rds un e-pasta adrese, k\u0101 ar\u012b jebk\u0101da papildu inform\u0101cija, kuru lietot\u0101js v\u0113l\u0113sies iek\u013caut sav\u0101 zi\u0146\u0101.<br \/>\nDatu glab\u0101\u0161ana<br \/>\nPersonas dati, ko esat mums iesniedzis, tiks glab\u0101ti tikai tik ilgi, cik tas ir nepiecie\u0161ams nol\u016bkam, kuram tie tika sav\u0101kti, vai atbilsto\u0161i likuma pras\u012bb\u0101m.<\/p>\n<p>Piem\u0113ram, apmekl\u0113t\u0101ju kontaktinform\u0101cija (piem\u0113ram, inform\u0101cija, kas ieg\u016bta, iesniedzot jaut\u0101jumu kontaktu form\u0101) tiks glab\u0101ta tik ilgi, kam\u0113r attiec\u012bg\u0101 inform\u0101cija b\u016bs nepiecie\u0161ama, lai pabeigtu kontaktinform\u0101cijas piepras\u012bjuma izpildi vai l\u012bdz br\u012bdim, kad lietot\u0101js b\u016bs piepras\u012bjis izdz\u0113st \u0161o inform\u0101ciju.<br \/>\nTre\u0161o personu vietnes<br \/>\nM\u016bsu vietn\u0113 var b\u016bt izvietotas \u0101r\u0113j\u0101s saites uz tre\u0161o personu m\u0101jaslap\u0101m. LEMT SIA neuz\u0146emas atbild\u012bbu par jebkuras tre\u0161\u0101s personas viet\u0146u saturu un dro\u0161\u012bbu.<\/p>\n<p>LEMT SIA nodro\u0161ina visu personas datu un inform\u0101cijas dro\u0161\u012bbu un konfidencialit\u0101ti. Tom\u0113r \u0161\u012b garantija neattiecas uz tre\u0161o personu viet\u0146u sait\u0113m un m\u0101jaslap\u0101m.<br \/>\nPersonas datu apstr\u0101d\u0101t\u0101js<br \/>\nSIA \u201cLEMT\u201d (sabiedr\u012bba ar ierobe\u017eotu atbild\u012bbu, kas ir re\u0123istr\u0113ta Latvij\u0101, re\u0123istr\u0101cijas Nr. 40103008244, juridisk\u0101 adrese Maz\u0101 R\u0101mavas iela 2, Valdlau\u010di, LV-1076) ir jebkuru personas datu, kas sav\u0101kti, izmantojot \u0161o t\u012bmek\u013ca vietni, apstr\u0101d\u0101t\u0101js; min\u0113tie dati tiks apstr\u0101d\u0101ti saska\u0146\u0101 ar Latvijas Republikas \u201cFizisko personu datu aizsardz\u012bbas likumu\u201d un atbilsto\u0161ajiem ES normat\u012bvajiem aktiem.<\/p>\n<p>Izmantojot \u0161o t\u012bmek\u013ca vietni, j\u016bs piekr\u012btat tam, ka m\u0113s apstr\u0101d\u0101jam inform\u0101ciju iepriek\u0161 min\u0113taj\u0101 k\u0101rt\u012bb\u0101 un nol\u016bk\u0101.<\/p>\n<p>&nbsp;<\/p>\n","protected":false},"excerpt":{"rendered":"<p>Priv\u0101tuma politika un lemt.lv izmantot\u0101s s\u012bkdatnes Kas ir s\u012bkdatnes? S\u012bkdatnes, ang\u013cu valod\u0101 sauktas cookies, ir neliela teksta datne, ko t\u012bmek\u013ca vietne saglab\u0101 j\u016bsu dator\u0101 vai mobilaj\u0101 ier\u012bc\u0113, kad j\u016bs atverat vietni. K\u0101 m\u0113s izmantojam s\u012bkdatnes? S\u012bkdatnes tiek lietotas, lai fiks\u0113tu inform\u0101ciju par to, k\u0101 esat izmantojis m\u016bsu m\u0101jaslapu, piem\u0113ram, kad j\u016bs p\u0113d\u0113jo reizi apmekl\u0113j\u0101t www.lemt.lv [&hellip;]<\/p>\n","protected":false},"author":1,"featured_media":0,"parent":0,"menu_order":0,"comment_status":"closed","ping_status":"closed","template":"","meta":{"_acf_changed":false,"footnotes":""},"class_list":["post-108","page","type-page","status-publish","hentry"],"acf":[],"_links":{"self":[{"href":"https:\/\/lemt.lv\/dev\/wp-json\/wp\/v2\/pages\/108","targetHints":{"allow":["GET"]}}],"collection":[{"href":"https:\/\/lemt.lv\/dev\/wp-json\/wp\/v2\/pages"}],"about":[{"href":"https:\/\/lemt.lv\/dev\/wp-json\/wp\/v2\/types\/page"}],"author":[{"embeddable":true,"href":"https:\/\/lemt.lv\/dev\/wp-json\/wp\/v2\/users\/1"}],"replies":[{"embeddable":true,"href":"https:\/\/lemt.lv\/dev\/wp-json\/wp\/v2\/comments?post=108"}],"version-history":[{"count":5,"href":"https:\/\/lemt.lv\/dev\/wp-json\/wp\/v2\/pages\/108\/revisions"}],"predecessor-version":[{"id":689,"href":"https:\/\/lemt.lv\/dev\/wp-json\/wp\/v2\/pages\/108\/revisions\/689"}],"wp:attachment":[{"href":"https:\/\/lemt.lv\/dev\/wp-json\/wp\/v2\/media?parent=108"}],"curies":[{"name":"wp","href":"https:\/\/api.w.org\/{rel}","templated":true}]}}