{"id":6072,"date":"2023-08-25T16:52:05","date_gmt":"2023-08-25T13:52:05","guid":{"rendered":"https:\/\/lemt.lv\/product\/zibensnovaditaja-stieples-d8-turetajs-ar-gumijas-dibeli\/"},"modified":"2023-08-25T16:52:05","modified_gmt":"2023-08-25T13:52:05","slug":"zibensnovaditaja-stieples-d8-turetajs-ar-gumijas-dibeli","status":"publish","type":"product","link":"https:\/\/lemt.lv\/dev\/ru\/product\/zibensnovaditaja-stieples-d8-turetajs-ar-gumijas-dibeli\/","title":{"rendered":"Zibensnovad\u012bt\u0101ja stieples D8 tur\u0113t\u0101js ar gumijas d\u012bbeli"},"content":{"rendered":"","protected":false},"excerpt":{"rendered":"","protected":false},"featured_media":6070,"template":"","meta":{"_acf_changed":false},"product_brand":[],"product_cat":[1170,484],"product_tag":[],"class_list":{"0":"post-6072","1":"product","2":"type-product","3":"status-publish","4":"has-post-thumbnail","6":"product_cat-molniezashhita","7":"product_cat-molniezashhita-i-zazemlenie","9":"first","10":"onbackorder","11":"taxable","12":"shipping-taxable","13":"purchasable","14":"product-type-simple"},"acf":[],"_links":{"self":[{"href":"https:\/\/lemt.lv\/dev\/ru\/wp-json\/wp\/v2\/product\/6072","targetHints":{"allow":["GET"]}}],"collection":[{"href":"https:\/\/lemt.lv\/dev\/ru\/wp-json\/wp\/v2\/product"}],"about":[{"href":"https:\/\/lemt.lv\/dev\/ru\/wp-json\/wp\/v2\/types\/product"}],"wp:featuredmedia":[{"embeddable":true,"href":"https:\/\/lemt.lv\/dev\/ru\/wp-json\/wp\/v2\/media\/6070"}],"wp:attachment":[{"href":"https:\/\/lemt.lv\/dev\/ru\/wp-json\/wp\/v2\/media?parent=6072"}],"wp:term":[{"taxonomy":"product_brand","embeddable":true,"href":"https:\/\/lemt.lv\/dev\/ru\/wp-json\/wp\/v2\/product_brand?post=6072"},{"taxonomy":"product_cat","embeddable":true,"href":"https:\/\/lemt.lv\/dev\/ru\/wp-json\/wp\/v2\/product_cat?post=6072"},{"taxonomy":"product_tag","embeddable":true,"href":"https:\/\/lemt.lv\/dev\/ru\/wp-json\/wp\/v2\/product_tag?post=6072"}],"curies":[{"name":"wp","href":"https:\/\/api.w.org\/{rel}","templated":true}]}}