{"id":6354,"date":"2024-01-22T11:58:22","date_gmt":"2024-01-22T10:02:31","guid":{"rendered":"https:\/\/lemt.lv\/?post_type=product&#038;p=6354"},"modified":"2024-01-22T12:02:32","modified_gmt":"2024-01-22T10:02:32","slug":"gaismas-panelis-effektiv-22w-3830lm","status":"publish","type":"product","link":"https:\/\/lemt.lv\/dev\/en\/product\/gaismas-panelis-effektiv-22w-3830lm\/","title":{"rendered":"Lighting panel EFFEKTIV 22W 3830lm"},"content":{"rendered":"<p>Zemapmatuma gaismas panelis ar A ener\u0123ijas klasi (227lm\/W LED modulis), kas padara to par optim\u0101lu pa\u0161reiz\u0113jo LED lampu gaismek\u013cu aizst\u0101j\u0113ju un ar\u012b ide\u0101li piem\u0113rotu jaunajos projektos. Mikroprizmatiskais difuzors nodro\u0161ina izcilu optiku un atbilst UGR sliek\u0161\u0146a pras\u012bb\u0101m (UGR&lt;19 birojiem) norm\u0101los apst\u0101k\u013cos.<br \/>\nKorpuss izgatavots no t\u0113rauda loksnes un baltais r\u0101mis no alum\u012bnija. Op\u0101ls mikroprizmatisks difuzors no PMMA.<\/p>\n","protected":false},"excerpt":{"rendered":"<p>Zemapmatuma gaismas panelis ar A ener\u0123ijas klasi (227lm\/W LED modulis), kas padara to par optim\u0101lu pa\u0161reiz\u0113jo LED lampu gaismek\u013cu aizst\u0101j\u0113ju un ar\u012b ide\u0101li piem\u0113rotu jaunajos projektos. Mikroprizmatiskais difuzors nodro\u0161ina izcilu optiku un atbilst UGR sliek\u0161\u0146a pras\u012bb\u0101m (UGR&lt;19 birojiem) norm\u0101los apst\u0101k\u013cos. Korpuss izgatavots no t\u0113rauda loksnes un baltais r\u0101mis no alum\u012bnija. Op\u0101ls mikroprizmatisks difuzors no PMMA.<\/p>\n","protected":false},"featured_media":6346,"template":"","meta":{"_acf_changed":false},"product_brand":[],"product_cat":[644,642,395],"product_tag":[],"class_list":{"0":"post-6354","1":"product","2":"type-product","3":"status-publish","4":"has-post-thumbnail","6":"product_cat-ceiling-lights","7":"product_cat-indoor-lighting","8":"product_cat-lighting","10":"first","11":"onbackorder","12":"sale","13":"taxable","14":"shipping-taxable","15":"purchasable","16":"product-type-simple"},"acf":[],"_links":{"self":[{"href":"https:\/\/lemt.lv\/dev\/en\/wp-json\/wp\/v2\/product\/6354","targetHints":{"allow":["GET"]}}],"collection":[{"href":"https:\/\/lemt.lv\/dev\/en\/wp-json\/wp\/v2\/product"}],"about":[{"href":"https:\/\/lemt.lv\/dev\/en\/wp-json\/wp\/v2\/types\/product"}],"wp:featuredmedia":[{"embeddable":true,"href":"https:\/\/lemt.lv\/dev\/en\/wp-json\/wp\/v2\/media\/6346"}],"wp:attachment":[{"href":"https:\/\/lemt.lv\/dev\/en\/wp-json\/wp\/v2\/media?parent=6354"}],"wp:term":[{"taxonomy":"product_brand","embeddable":true,"href":"https:\/\/lemt.lv\/dev\/en\/wp-json\/wp\/v2\/product_brand?post=6354"},{"taxonomy":"product_cat","embeddable":true,"href":"https:\/\/lemt.lv\/dev\/en\/wp-json\/wp\/v2\/product_cat?post=6354"},{"taxonomy":"product_tag","embeddable":true,"href":"https:\/\/lemt.lv\/dev\/en\/wp-json\/wp\/v2\/product_tag?post=6354"}],"curies":[{"name":"wp","href":"https:\/\/api.w.org\/{rel}","templated":true}]}}